{"id":1966,"date":"2022-09-13T10:41:11","date_gmt":"2022-09-13T08:41:11","guid":{"rendered":"https:\/\/clairegigon.com\/?page_id=1966"},"modified":"2022-09-22T12:16:18","modified_gmt":"2022-09-22T10:16:18","slug":"mentions-legales","status":"publish","type":"page","link":"https:\/\/clairegigon.com\/index.php\/mentions-legales\/","title":{"rendered":"Mentions l\u00e9gales"},"content":{"rendered":"\t\t<div data-elementor-type=\"wp-page\" data-elementor-id=\"1966\" class=\"elementor elementor-1966\">\n\t\t\t\t\t\t<section class=\"elementor-section elementor-top-section elementor-element elementor-element-73c009c elementor-section-boxed elementor-section-height-default elementor-section-height-default\" data-id=\"73c009c\" data-element_type=\"section\" data-e-type=\"section\">\n\t\t\t\t\t\t<div class=\"elementor-container elementor-column-gap-default\">\n\t\t\t\t\t<div class=\"elementor-column elementor-col-100 elementor-top-column elementor-element elementor-element-16b75a9\" data-id=\"16b75a9\" data-element_type=\"column\" data-e-type=\"column\">\n\t\t\t<div class=\"elementor-widget-wrap elementor-element-populated\">\n\t\t\t\t\t\t<div class=\"elementor-element elementor-element-7bd94ac elementor-widget elementor-widget-heading\" data-id=\"7bd94ac\" data-element_type=\"widget\" data-e-type=\"widget\" data-widget_type=\"heading.default\">\n\t\t\t\t<div class=\"elementor-widget-container\">\n\t\t\t\t\t<h2 class=\"elementor-heading-title elementor-size-default\">Mentions l\u00e9gales<\/h2>\t\t\t\t<\/div>\n\t\t\t\t<\/div>\n\t\t\t\t<div class=\"elementor-element elementor-element-91cb44a elementor-widget elementor-widget-text-editor\" data-id=\"91cb44a\" data-element_type=\"widget\" data-e-type=\"widget\" data-widget_type=\"text-editor.default\">\n\t\t\t\t<div class=\"elementor-widget-container\">\n\t\t\t\t\t\t\t\t\t<p style=\"font-size: 15px; font-style: normal; font-weight: 400;\">Propri\u00e9taire du site : Claire Gigon Bouhours<\/p><p style=\"font-size: 15px; font-style: normal; font-weight: 400;\">Adresse du si\u00e8ge social : 63 rue Amiral Du Chaffault, 44100 Nantes<\/p><p style=\"font-size: 15px; font-style: normal; font-weight: 400;\">Num\u00e9ro de t\u00e9l\u00e9phone : 06 84 81 21 03<\/p><p style=\"font-size: 15px; font-style: normal; font-weight: 400;\">Adresse e-mail : clairegigonbouhours@gmail.com<\/p><p style=\"font-size: 15px; font-style: normal; font-weight: 400;\">H\u00e9bergeur : OVH, 2 rue Kellermann \u2013 59100 Roubaix \u2013 France \u2013 09 72 10 10 10<\/p>\t\t\t\t\t\t\t\t<\/div>\n\t\t\t\t<\/div>\n\t\t\t\t\t<\/div>\n\t\t<\/div>\n\t\t\t\t\t<\/div>\n\t\t<\/section>\n\t\t\t\t<\/div>\n\t\t","protected":false},"excerpt":{"rendered":"<p>Mentions l\u00e9gales Propri\u00e9taire du site : Claire Gigon Bouhours Adresse du si\u00e8ge social : 63 rue Amiral Du Chaffault, 44100 Nantes Num\u00e9ro de t\u00e9l\u00e9phone : 06 84 81 21 03 Adresse e-mail : clairegigonbouhours@gmail.com H\u00e9bergeur : OVH, 2 rue Kellermann \u2013 59100 Roubaix \u2013 France \u2013 09 72 10 10 10<\/p>\n","protected":false},"author":1,"featured_media":0,"parent":0,"menu_order":0,"comment_status":"closed","ping_status":"closed","template":"","meta":{"site-sidebar-layout":"no-sidebar","site-content-layout":"page-builder","ast-site-content-layout":"default","site-content-style":"default","site-sidebar-style":"default","ast-global-header-display":"","ast-banner-title-visibility":"","ast-main-header-display":"","ast-hfb-above-header-display":"","ast-hfb-below-header-display":"","ast-hfb-mobile-header-display":"","site-post-title":"disabled","ast-breadcrumbs-content":"","ast-featured-img":"disabled","footer-sml-layout":"","ast-disable-related-posts":"","theme-transparent-header-meta":"","adv-header-id-meta":"","stick-header-meta":"","header-above-stick-meta":"","header-main-stick-meta":"","header-below-stick-meta":"","astra-migrate-meta-layouts":"default","ast-page-background-enabled":"default","ast-page-background-meta":{"desktop":{"background-color":"var(--ast-global-color-4)","background-image":"","background-repeat":"repeat","background-position":"center center","background-size":"auto","background-attachment":"scroll","background-type":"","background-media":"","overlay-type":"","overlay-color":"","overlay-opacity":"","overlay-gradient":""},"tablet":{"background-color":"","background-image":"","background-repeat":"repeat","background-position":"center center","background-size":"auto","background-attachment":"scroll","background-type":"","background-media":"","overlay-type":"","overlay-color":"","overlay-opacity":"","overlay-gradient":""},"mobile":{"background-color":"","background-image":"","background-repeat":"repeat","background-position":"center center","background-size":"auto","background-attachment":"scroll","background-type":"","background-media":"","overlay-type":"","overlay-color":"","overlay-opacity":"","overlay-gradient":""}},"ast-content-background-meta":{"desktop":{"background-color":"var(--ast-global-color-5)","background-image":"","background-repeat":"repeat","background-position":"center center","background-size":"auto","background-attachment":"scroll","background-type":"","background-media":"","overlay-type":"","overlay-color":"","overlay-opacity":"","overlay-gradient":""},"tablet":{"background-color":"var(--ast-global-color-5)","background-image":"","background-repeat":"repeat","background-position":"center center","background-size":"auto","background-attachment":"scroll","background-type":"","background-media":"","overlay-type":"","overlay-color":"","overlay-opacity":"","overlay-gradient":""},"mobile":{"background-color":"var(--ast-global-color-5)","background-image":"","background-repeat":"repeat","background-position":"center center","background-size":"auto","background-attachment":"scroll","background-type":"","background-media":"","overlay-type":"","overlay-color":"","overlay-opacity":"","overlay-gradient":""}},"footnotes":""},"class_list":["post-1966","page","type-page","status-publish","hentry"],"yoast_head":"<!-- This site is optimized with the Yoast SEO plugin v27.2 - https:\/\/yoast.com\/product\/yoast-seo-wordpress\/ -->\n<title>Claire Gigon psychologue, psycho-corporelle, analyse de pratique<\/title>\n<meta name=\"description\" content=\"Claire Gigon, psychologue, psychanalyste, pratique la psychoth\u00e9rapie psycho-corporelle de groupe et l&#039;analyse de pratique\" \/>\n<meta name=\"robots\" content=\"index, follow, max-snippet:-1, max-image-preview:large, max-video-preview:-1\" \/>\n<link rel=\"canonical\" href=\"https:\/\/clairegigon.com\/index.php\/mentions-legales\/\" \/>\n<meta property=\"og:locale\" content=\"fr_FR\" \/>\n<meta property=\"og:type\" content=\"article\" \/>\n<meta property=\"og:title\" content=\"Claire Gigon psychologue, psycho-corporelle, analyse de pratique\" \/>\n<meta property=\"og:description\" content=\"Claire Gigon, psychologue, psychanalyste, pratique la psychoth\u00e9rapie psycho-corporelle de groupe et l&#039;analyse de pratique\" \/>\n<meta property=\"og:url\" content=\"https:\/\/clairegigon.com\/index.php\/mentions-legales\/\" \/>\n<meta property=\"og:site_name\" content=\"Claire Gigon Psychologue\" \/>\n<meta property=\"article:modified_time\" content=\"2022-09-22T10:16:18+00:00\" \/>\n<meta name=\"twitter:card\" content=\"summary_large_image\" \/>\n<meta name=\"twitter:label1\" content=\"Dur\u00e9e de lecture estim\u00e9e\" \/>\n\t<meta name=\"twitter:data1\" content=\"1 minute\" \/>\n<script type=\"application\/ld+json\" class=\"yoast-schema-graph\">{\"@context\":\"https:\/\/schema.org\",\"@graph\":[{\"@type\":\"WebPage\",\"@id\":\"https:\/\/clairegigon.com\/index.php\/mentions-legales\/\",\"url\":\"https:\/\/clairegigon.com\/index.php\/mentions-legales\/\",\"name\":\"Claire Gigon psychologue, psycho-corporelle, analyse de pratique\",\"isPartOf\":{\"@id\":\"https:\/\/clairegigon.com\/#website\"},\"datePublished\":\"2022-09-13T08:41:11+00:00\",\"dateModified\":\"2022-09-22T10:16:18+00:00\",\"description\":\"Claire Gigon, psychologue, psychanalyste, pratique la psychoth\u00e9rapie psycho-corporelle de groupe et l'analyse de pratique\",\"breadcrumb\":{\"@id\":\"https:\/\/clairegigon.com\/index.php\/mentions-legales\/#breadcrumb\"},\"inLanguage\":\"fr-FR\",\"potentialAction\":[{\"@type\":\"ReadAction\",\"target\":[\"https:\/\/clairegigon.com\/index.php\/mentions-legales\/\"]}]},{\"@type\":\"BreadcrumbList\",\"@id\":\"https:\/\/clairegigon.com\/index.php\/mentions-legales\/#breadcrumb\",\"itemListElement\":[{\"@type\":\"ListItem\",\"position\":1,\"name\":\"Accueil\",\"item\":\"https:\/\/clairegigon.com\/\"},{\"@type\":\"ListItem\",\"position\":2,\"name\":\"Mentions l\u00e9gales\"}]},{\"@type\":\"WebSite\",\"@id\":\"https:\/\/clairegigon.com\/#website\",\"url\":\"https:\/\/clairegigon.com\/\",\"name\":\"Claire Gigon Psychologue\",\"description\":\"Claire Gigon, psychologue, m\u00e9diation psycho-corporelle\",\"publisher\":{\"@id\":\"https:\/\/clairegigon.com\/#organization\"},\"potentialAction\":[{\"@type\":\"SearchAction\",\"target\":{\"@type\":\"EntryPoint\",\"urlTemplate\":\"https:\/\/clairegigon.com\/?s={search_term_string}\"},\"query-input\":{\"@type\":\"PropertyValueSpecification\",\"valueRequired\":true,\"valueName\":\"search_term_string\"}}],\"inLanguage\":\"fr-FR\"},{\"@type\":\"Organization\",\"@id\":\"https:\/\/clairegigon.com\/#organization\",\"name\":\"Claire Gigon Psychologue\",\"url\":\"https:\/\/clairegigon.com\/\",\"logo\":{\"@type\":\"ImageObject\",\"inLanguage\":\"fr-FR\",\"@id\":\"https:\/\/clairegigon.com\/#\/schema\/logo\/image\/\",\"url\":\"https:\/\/clairegigon.com\/wp-content\/uploads\/2022\/09\/cropped-Logo-Claire-GIGON-10-maj-baskerville-033A48-aile-FFF1F0-test2.png\",\"contentUrl\":\"https:\/\/clairegigon.com\/wp-content\/uploads\/2022\/09\/cropped-Logo-Claire-GIGON-10-maj-baskerville-033A48-aile-FFF1F0-test2.png\",\"width\":1500,\"height\":443,\"caption\":\"Claire Gigon Psychologue\"},\"image\":{\"@id\":\"https:\/\/clairegigon.com\/#\/schema\/logo\/image\/\"}}]}<\/script>\n<!-- \/ Yoast SEO plugin. -->","yoast_head_json":{"title":"Claire Gigon psychologue, psycho-corporelle, analyse de pratique","description":"Claire Gigon, psychologue, psychanalyste, pratique la psychoth\u00e9rapie psycho-corporelle de groupe et l'analyse de pratique","robots":{"index":"index","follow":"follow","max-snippet":"max-snippet:-1","max-image-preview":"max-image-preview:large","max-video-preview":"max-video-preview:-1"},"canonical":"https:\/\/clairegigon.com\/index.php\/mentions-legales\/","og_locale":"fr_FR","og_type":"article","og_title":"Claire Gigon psychologue, psycho-corporelle, analyse de pratique","og_description":"Claire Gigon, psychologue, psychanalyste, pratique la psychoth\u00e9rapie psycho-corporelle de groupe et l'analyse de pratique","og_url":"https:\/\/clairegigon.com\/index.php\/mentions-legales\/","og_site_name":"Claire Gigon Psychologue","article_modified_time":"2022-09-22T10:16:18+00:00","twitter_card":"summary_large_image","twitter_misc":{"Dur\u00e9e de lecture estim\u00e9e":"1 minute"},"schema":{"@context":"https:\/\/schema.org","@graph":[{"@type":"WebPage","@id":"https:\/\/clairegigon.com\/index.php\/mentions-legales\/","url":"https:\/\/clairegigon.com\/index.php\/mentions-legales\/","name":"Claire Gigon psychologue, psycho-corporelle, analyse de pratique","isPartOf":{"@id":"https:\/\/clairegigon.com\/#website"},"datePublished":"2022-09-13T08:41:11+00:00","dateModified":"2022-09-22T10:16:18+00:00","description":"Claire Gigon, psychologue, psychanalyste, pratique la psychoth\u00e9rapie psycho-corporelle de groupe et l'analyse de pratique","breadcrumb":{"@id":"https:\/\/clairegigon.com\/index.php\/mentions-legales\/#breadcrumb"},"inLanguage":"fr-FR","potentialAction":[{"@type":"ReadAction","target":["https:\/\/clairegigon.com\/index.php\/mentions-legales\/"]}]},{"@type":"BreadcrumbList","@id":"https:\/\/clairegigon.com\/index.php\/mentions-legales\/#breadcrumb","itemListElement":[{"@type":"ListItem","position":1,"name":"Accueil","item":"https:\/\/clairegigon.com\/"},{"@type":"ListItem","position":2,"name":"Mentions l\u00e9gales"}]},{"@type":"WebSite","@id":"https:\/\/clairegigon.com\/#website","url":"https:\/\/clairegigon.com\/","name":"Claire Gigon Psychologue","description":"Claire Gigon, psychologue, m\u00e9diation psycho-corporelle","publisher":{"@id":"https:\/\/clairegigon.com\/#organization"},"potentialAction":[{"@type":"SearchAction","target":{"@type":"EntryPoint","urlTemplate":"https:\/\/clairegigon.com\/?s={search_term_string}"},"query-input":{"@type":"PropertyValueSpecification","valueRequired":true,"valueName":"search_term_string"}}],"inLanguage":"fr-FR"},{"@type":"Organization","@id":"https:\/\/clairegigon.com\/#organization","name":"Claire Gigon Psychologue","url":"https:\/\/clairegigon.com\/","logo":{"@type":"ImageObject","inLanguage":"fr-FR","@id":"https:\/\/clairegigon.com\/#\/schema\/logo\/image\/","url":"https:\/\/clairegigon.com\/wp-content\/uploads\/2022\/09\/cropped-Logo-Claire-GIGON-10-maj-baskerville-033A48-aile-FFF1F0-test2.png","contentUrl":"https:\/\/clairegigon.com\/wp-content\/uploads\/2022\/09\/cropped-Logo-Claire-GIGON-10-maj-baskerville-033A48-aile-FFF1F0-test2.png","width":1500,"height":443,"caption":"Claire Gigon Psychologue"},"image":{"@id":"https:\/\/clairegigon.com\/#\/schema\/logo\/image\/"}}]}},"_links":{"self":[{"href":"https:\/\/clairegigon.com\/index.php\/wp-json\/wp\/v2\/pages\/1966","targetHints":{"allow":["GET"]}}],"collection":[{"href":"https:\/\/clairegigon.com\/index.php\/wp-json\/wp\/v2\/pages"}],"about":[{"href":"https:\/\/clairegigon.com\/index.php\/wp-json\/wp\/v2\/types\/page"}],"author":[{"embeddable":true,"href":"https:\/\/clairegigon.com\/index.php\/wp-json\/wp\/v2\/users\/1"}],"replies":[{"embeddable":true,"href":"https:\/\/clairegigon.com\/index.php\/wp-json\/wp\/v2\/comments?post=1966"}],"version-history":[{"count":5,"href":"https:\/\/clairegigon.com\/index.php\/wp-json\/wp\/v2\/pages\/1966\/revisions"}],"predecessor-version":[{"id":2177,"href":"https:\/\/clairegigon.com\/index.php\/wp-json\/wp\/v2\/pages\/1966\/revisions\/2177"}],"wp:attachment":[{"href":"https:\/\/clairegigon.com\/index.php\/wp-json\/wp\/v2\/media?parent=1966"}],"curies":[{"name":"wp","href":"https:\/\/api.w.org\/{rel}","templated":true}]}}